{"id":11,"date":"2007-12-06T15:33:16","date_gmt":"2007-12-06T14:33:16","guid":{"rendered":"http:\/\/www.psych-pv.de\/?page_id=11"},"modified":"2007-12-06T15:33:16","modified_gmt":"2007-12-06T14:33:16","slug":"sgb-v","status":"publish","type":"page","link":"http:\/\/www.psych-pv.de\/?page_id=11","title":{"rendered":"SGB V"},"content":{"rendered":"<p><strong><span style=\"font-size: 13.5pt; font-family: Arial; color: #004080\">S G B V<\/span><\/strong><span style=\"font-size: 10pt; font-family: Arial; color: black\"><\/p>\n<p><\/span><strong><em><span style=\"font-size: 12pt; font-family: Arial; color: black\">\u00a7 71 Beitragsstabilit\u00e4t<\/span><\/em><\/strong><span style=\"font-size: 10pt; font-family: Arial; color: black\"><\/p>\n<p>(1) Die Vertragspartner auf Seiten der Krankenkassen und der Leistungserbringer haben die Vereinbarungen \u00fcber die Verg\u00fctungen nach diesem Buch und dem Krankenhausfinanzierungsgesetz sowie den nach diesen Vorschriften getroffenen Regelungen so zu gestalten, dass Beitragssatzerh\u00f6hungen ausgeschlossen werden, es sei denn, die notwendige medizinische Versorgung ist auch nach Aussch\u00f6pfung von Wirtschaftlichkeitsreserven ohne Beitragssatzerh\u00f6hung nicht zu gew\u00e4hrleisten (Grundsatz der Beitragssatzstabilit\u00e4t). Ausgabensteigerungen auf Grund von gesetzlich vorgeschriebenen Vorsorge- und Fr\u00fcherkennungsma\u00dfnahmen verletzen nicht den Grundsatz der Beitragssatzstabilit\u00e4t<\/p>\n<p>(2) Um den Vorgaben nach Absatz 1 Satz 1 Halbsatz 1 zu entsprechen, darf die vereinbarte Ver\u00e4nderung der jeweiligen Verg\u00fctung die sich bei Anwendung der Ver\u00e4nderungsrate f\u00fcr das gesamte Bundesgebiet nach Absatz 3 ergebende Ver\u00e4nderung der Verg\u00fctung nicht \u00fcberschreiten. Abweichend von Satz 1 ist eine \u00dcberschreitung zul\u00e4ssig, wenn die damit verbundenen Mehrausgaben durch vertraglich abgesicherte oder bereits erfolgte Einsparungen in anderen Leistungsbereichen ausgeglichen werden. \u00dcbersteigt die Ver\u00e4nderungsrate in dem Gebiet der in Artikel 1 Abs. 1 des Einigungsvertrages genannten L\u00e4nder die Ver\u00e4nderungsrate f\u00fcr das \u00fcbrige Bundesgebiet, sind abweichend von Satz 1 jeweils diese Ver\u00e4nderungsraten anzuwenden.<\/span><\/p>\n","protected":false},"excerpt":{"rendered":"<p>S G B V \u00a7 71 Beitragsstabilit\u00e4t (1) Die Vertragspartner auf Seiten der Krankenkassen und der Leistungserbringer haben die Vereinbarungen \u00fcber die Verg\u00fctungen nach diesem Buch und dem Krankenhausfinanzierungsgesetz sowie den nach diesen Vorschriften getroffenen Regelungen so zu gestalten, dass &hellip; <a href=\"http:\/\/www.psych-pv.de\/?page_id=11\">Weiterlesen <span class=\"meta-nav\">&rarr;<\/span><\/a><\/p>\n","protected":false},"author":1,"featured_media":0,"parent":0,"menu_order":0,"comment_status":"open","ping_status":"open","template":"","meta":{"footnotes":""},"_links":{"self":[{"href":"http:\/\/www.psych-pv.de\/index.php?rest_route=\/wp\/v2\/pages\/11"}],"collection":[{"href":"http:\/\/www.psych-pv.de\/index.php?rest_route=\/wp\/v2\/pages"}],"about":[{"href":"http:\/\/www.psych-pv.de\/index.php?rest_route=\/wp\/v2\/types\/page"}],"author":[{"embeddable":true,"href":"http:\/\/www.psych-pv.de\/index.php?rest_route=\/wp\/v2\/users\/1"}],"replies":[{"embeddable":true,"href":"http:\/\/www.psych-pv.de\/index.php?rest_route=%2Fwp%2Fv2%2Fcomments&post=11"}],"version-history":[{"count":0,"href":"http:\/\/www.psych-pv.de\/index.php?rest_route=\/wp\/v2\/pages\/11\/revisions"}],"wp:attachment":[{"href":"http:\/\/www.psych-pv.de\/index.php?rest_route=%2Fwp%2Fv2%2Fmedia&parent=11"}],"curies":[{"name":"wp","href":"https:\/\/api.w.org\/{rel}","templated":true}]}}