{"id":10,"date":"2007-12-06T15:32:14","date_gmt":"2007-12-06T14:32:14","guid":{"rendered":"http:\/\/www.psych-pv.de\/?page_id=10"},"modified":"2007-12-06T15:32:14","modified_gmt":"2007-12-06T14:32:14","slug":"bundespflegesatz-verordnung","status":"publish","type":"page","link":"http:\/\/www.psych-pv.de\/?page_id=10","title":{"rendered":"Bundespflegesatz-Verordnung"},"content":{"rendered":"<p><strong><span style=\"font-size: 13.5pt; font-family: Arial; color: #004080\">Bundespflegesatz-Verordnung <\/span><span style=\"font-size: 13.5pt; font-family: Arial; color: #004080\"><br \/>\n<\/span><\/strong><span style=\"font-size: 10pt; font-family: Arial; color: black\"><br \/>\n<\/span><strong><em><span style=\"font-size: 12pt; font-family: Arial; color: black\">\u00a7 6 Grundsatz der Beitragsstabilit\u00e4t<br \/>\n<\/span><\/em><\/strong><span style=\"font-size: 10pt; font-family: Arial; color: black\"><br \/>\n(1) Ab dem Jahr 2000 ist nach den Vorgaben des \u00a7 3 ein Gesamtbetrag f\u00fcr die Erl\u00f6se eines Krankenhauses aus Fallpauschalen, Sonderentgelten und dem Budget nach \u00a7 12 sowie auf Grund von Modellvorhaben nach \u00a7 26 zu vereinbaren. Bei der Vereinbarung sind insbesondere zu ber\u00fccksichtigen:<br \/>\n1. Verk\u00fcrzungen der Verweildauern,<br \/>\n2. die Ergebnisse von Fehlbelegungspr\u00fcfungen,<br \/>\n3. Leistungsverlagerungen, zum Beispiel in die ambulante Versorgung,<br \/>\n4. Leistungen, die im Rahmen von Integrationsvertr\u00e4gen nach \u00a7 140 b oder Modellvorhaben nach \u00a7 63 des F\u00fcnften Buches Sozialgesetzbuch verg\u00fctet werden und<br \/>\n5. die Ergebnisse von Krankenhausvergleichen nach \u00a7 5.<\/p>\n<p>Der Grundsatz der Beitragsstabilit\u00e4t ist zu beachten; Ma\u00dfstab f\u00fcr die Beachtung ist die Ver\u00e4nderungsrate der beitragspflichtigen Einnahmen aller Mitglieder der Krankenkassen je Mitglied nach \u00a7 71 Abs. 3 Satz 1 und 4 in Verbindung mit Absatz 2 des F\u00fcnften Buches Sozialgesetzbuch. Der Gesamtbetrag darf den um die ma\u00dfgebliche Rate ver\u00e4nderten Gesamtbetrag des Vorjahres nur \u00fcberschreiten, soweit die folgenden Tatbest\u00e4nde dies erforderlich machen:<\/p>\n<p>1. in der Pflegesatzvereinbarung zwischen den Vertragsparteien vereinbarte Ver\u00e4nderungen der medizinischen Leistungsstruktur oder der Fallzahlen,<br \/>\n2. zus\u00e4tzliche Kapazit\u00e4ten f\u00fcr medizinische Leistungen auf Grund der Krankenhausplanung oder des Investitionsprogramms des Landes,<br \/>\n3. die Finanzierung von Rationalisierungsinvestitionen nach \u00a7 18 b des Krankenhausfinanzierungsgesetzes,<br \/>\n4. die Vorgaben der Psychiatrie-Personalverordnung zur Zahl der Personalstellen, wobei sicherzustellen ist, da\u00df das Personal nicht anderweitig eingesetzt wird, oder<br \/>\n5. in den in Artikel 1 Abs. 1 des Einigungsvertrages genannten L\u00e4ndern die Auswirkungen einer Angleichung der H\u00f6he der Verg\u00fctung &#8230;..<br \/>\n<!--[if !supportLineBreakNewLine]--><br \/>\n<!--[endif]--><\/span><\/p>\n","protected":false},"excerpt":{"rendered":"<p>Bundespflegesatz-Verordnung \u00a7 6 Grundsatz der Beitragsstabilit\u00e4t (1) Ab dem Jahr 2000 ist nach den Vorgaben des \u00a7 3 ein Gesamtbetrag f\u00fcr die Erl\u00f6se eines Krankenhauses aus Fallpauschalen, Sonderentgelten und dem Budget nach \u00a7 12 sowie auf Grund von Modellvorhaben nach &hellip; <a href=\"http:\/\/www.psych-pv.de\/?page_id=10\">Weiterlesen <span class=\"meta-nav\">&rarr;<\/span><\/a><\/p>\n","protected":false},"author":1,"featured_media":0,"parent":0,"menu_order":0,"comment_status":"open","ping_status":"open","template":"","meta":{"footnotes":""},"_links":{"self":[{"href":"http:\/\/www.psych-pv.de\/index.php?rest_route=\/wp\/v2\/pages\/10"}],"collection":[{"href":"http:\/\/www.psych-pv.de\/index.php?rest_route=\/wp\/v2\/pages"}],"about":[{"href":"http:\/\/www.psych-pv.de\/index.php?rest_route=\/wp\/v2\/types\/page"}],"author":[{"embeddable":true,"href":"http:\/\/www.psych-pv.de\/index.php?rest_route=\/wp\/v2\/users\/1"}],"replies":[{"embeddable":true,"href":"http:\/\/www.psych-pv.de\/index.php?rest_route=%2Fwp%2Fv2%2Fcomments&post=10"}],"version-history":[{"count":0,"href":"http:\/\/www.psych-pv.de\/index.php?rest_route=\/wp\/v2\/pages\/10\/revisions"}],"wp:attachment":[{"href":"http:\/\/www.psych-pv.de\/index.php?rest_route=%2Fwp%2Fv2%2Fmedia&parent=10"}],"curies":[{"name":"wp","href":"https:\/\/api.w.org\/{rel}","templated":true}]}}